{"id":6086,"date":"2021-05-20T15:49:48","date_gmt":"2021-05-20T15:49:48","guid":{"rendered":"http:\/\/grupomotorgas.com\/?page_id=6086"},"modified":"2021-05-21T09:08:47","modified_gmt":"2021-05-21T09:08:47","slug":"sobre-nosotros","status":"publish","type":"page","link":"https:\/\/grupomotorgas.com\/index.php\/sobre-nosotros\/","title":{"rendered":"Sobre nosotros"},"content":{"rendered":"[vc_row type=\u00bbfull_width_content\u00bb full_screen_row_position=\u00bbmiddle\u00bb column_margin=\u00bbdefault\u00bb equal_height=\u00bbyes\u00bb content_placement=\u00bbmiddle\u00bb column_direction=\u00bbdefault\u00bb column_direction_tablet=\u00bbdefault\u00bb column_direction_phone=\u00bbdefault\u00bb bg_color=\u00bb#ffffff\u00bb scene_position=\u00bbcenter\u00bb text_color=\u00bbdark\u00bb text_align=\u00bbleft\u00bb row_border_radius=\u00bbnone\u00bb row_border_radius_applies=\u00bbbg\u00bb overlay_strength=\u00bb0.3&#8243; gradient_direction=\u00bbleft_to_right\u00bb shape_divider_position=\u00bbbottom\u00bb bg_image_animation=\u00bbnone\u00bb][vc_column column_padding=\u00bbpadding-10-percent\u00bb column_padding_tablet=\u00bbinherit\u00bb column_padding_phone=\u00bbinherit\u00bb column_padding_position=\u00bball\u00bb column_element_spacing=\u00bbdefault\u00bb background_color=\u00bb#f4f4f4&#8243; background_color_opacity=\u00bb1&#8243; background_hover_color_opacity=\u00bb1&#8243; column_shadow=\u00bbnone\u00bb column_border_radius=\u00bbnone\u00bb column_link_target=\u00bb_self\u00bb gradient_direction=\u00bbleft_to_right\u00bb overlay_strength=\u00bb0.3&#8243; width=\u00bb1\/2&#8243; tablet_width_inherit=\u00bbdefault\u00bb tablet_text_alignment=\u00bbdefault\u00bb phone_text_alignment=\u00bbdefault\u00bb bg_image_animation=\u00bbnone\u00bb border_type=\u00bbsimple\u00bb column_border_width=\u00bbnone\u00bb column_border_style=\u00bbsolid\u00bb][vc_row_inner column_margin=\u00bbdefault\u00bb column_direction=\u00bbdefault\u00bb column_direction_tablet=\u00bbdefault\u00bb column_direction_phone=\u00bbdefault\u00bb text_align=\u00bbleft\u00bb][vc_column_inner column_padding=\u00bbno-extra-padding\u00bb column_padding_tablet=\u00bbinherit\u00bb column_padding_phone=\u00bbinherit\u00bb column_padding_position=\u00bball\u00bb column_element_spacing=\u00bbdefault\u00bb background_color_opacity=\u00bb1&#8243; background_hover_color_opacity=\u00bb1&#8243; column_shadow=\u00bbnone\u00bb column_border_radius=\u00bbnone\u00bb column_link_target=\u00bb_self\u00bb gradient_direction=\u00bbleft_to_right\u00bb overlay_strength=\u00bb0.3&#8243; width=\u00bb1\/1&#8243; tablet_width_inherit=\u00bbdefault\u00bb bg_image_animation=\u00bbnone\u00bb enable_animation=\u00bbtrue\u00bb animation=\u00bbfade-in-from-bottom\u00bb border_type=\u00bbsimple\u00bb column_border_width=\u00bbnone\u00bb column_border_style=\u00bbsolid\u00bb][vc_custom_heading text=\u00bbGRUPO MOTOR GAS\u00bb font_container=\u00bbtag:h5|text_align:left|color:%23bfbfbf\u00bb use_theme_fonts=\u00bbyes\u00bb css=\u00bb.vc_custom_1621527564144{margin-bottom: 10px !important;}\u00bb][vc_custom_heading text=\u00bb\u00bfQui\u00e9nes somos?\u00bb font_container=\u00bbtag:h2|font_size:40|text_align:left|line_height:50px\u00bb use_theme_fonts=\u00bbyes\u00bb][vc_custom_heading text=\u00bbEn Grupo Motorgas, llevamos m\u00e1s de 30 a\u00f1os comercializando los mejores kits de conversi\u00f3n GLP y GNC para todo tipo de veh\u00edculos y maquinaria con motores ciclo Otto, y Kits para Dual Fuel (Diesel+gas) para camiones, maquinaria pesada, generaci\u00f3n, y todo lo que puedas imaginar.\u00bb font_container=\u00bbtag:p|text_align:left|color:rgba(10%2C10%2C10%2C0.6)\u00bb use_theme_fonts=\u00bbyes\u00bb][vc_custom_heading text=\u00bbNuestra tarea esencial es la asesor\u00eda en el uso de las energ\u00edas limpias, asegurando que tu decisi\u00f3n sea la correcta, para ellos hemos creado y diversificado el esfuerzo en las tres empresas del grupo.\u00bb font_container=\u00bbtag:p|text_align:left|color:rgba(0%2C0%2C0%2C0.6)\u00bb use_theme_fonts=\u00bbyes\u00bb][\/vc_column_inner][\/vc_row_inner][\/vc_column][vc_column column_padding=\u00bbno-extra-padding\u00bb column_padding_tablet=\u00bbinherit\u00bb column_padding_phone=\u00bbinherit\u00bb column_padding_position=\u00bball\u00bb column_element_spacing=\u00bbdefault\u00bb background_color_opacity=\u00bb1&#8243; background_hover_color_opacity=\u00bb1&#8243; background_image=\u00bb6088&#8243; background_image_position=\u00bbcenter center\u00bb enable_bg_scale=\u00bbtrue\u00bb background_image_loading=\u00bbdefault\u00bb column_shadow=\u00bbnone\u00bb column_border_radius=\u00bbnone\u00bb column_link_target=\u00bb_self\u00bb gradient_direction=\u00bbleft_to_right\u00bb overlay_strength=\u00bb0.3&#8243; width=\u00bb1\/2&#8243; tablet_width_inherit=\u00bbdefault\u00bb tablet_text_alignment=\u00bbdefault\u00bb phone_text_alignment=\u00bbdefault\u00bb bg_image_animation=\u00bbnone\u00bb border_type=\u00bbsimple\u00bb column_border_width=\u00bbnone\u00bb column_border_style=\u00bbsolid\u00bb][\/vc_column][\/vc_row][vc_row type=\u00bbfull_width_background\u00bb full_screen_row_position=\u00bbmiddle\u00bb column_margin=\u00bbdefault\u00bb column_direction=\u00bbdefault\u00bb column_direction_tablet=\u00bbdefault\u00bb column_direction_phone=\u00bbdefault\u00bb scene_position=\u00bbcenter\u00bb top_padding=\u00bb7%\u00bb bottom_padding=\u00bb7%\u00bb text_color=\u00bbdark\u00bb text_align=\u00bbleft\u00bb row_border_radius=\u00bbnone\u00bb row_border_radius_applies=\u00bbbg\u00bb overlay_strength=\u00bb0.3&#8243; gradient_direction=\u00bbleft_to_right\u00bb shape_divider_position=\u00bbbottom\u00bb bg_image_animation=\u00bbnone\u00bb][vc_column column_padding=\u00bbno-extra-padding\u00bb column_padding_tablet=\u00bbinherit\u00bb column_padding_phone=\u00bbinherit\u00bb column_padding_position=\u00bball\u00bb column_element_spacing=\u00bbdefault\u00bb background_color_opacity=\u00bb1&#8243; background_hover_color_opacity=\u00bb1&#8243; column_shadow=\u00bbnone\u00bb column_border_radius=\u00bbnone\u00bb column_link_target=\u00bb_self\u00bb gradient_direction=\u00bbleft_to_right\u00bb overlay_strength=\u00bb0.3&#8243; width=\u00bb1\/1&#8243; tablet_width_inherit=\u00bbdefault\u00bb tablet_text_alignment=\u00bbdefault\u00bb phone_text_alignment=\u00bbdefault\u00bb bg_image_animation=\u00bbnone\u00bb border_type=\u00bbsimple\u00bb column_border_width=\u00bbnone\u00bb column_border_style=\u00bbsolid\u00bb][nectar_highlighted_text color_type=\u00bbregular\u00bb style=\u00bbfull_text\u00bb highlight_expansion=\u00bbdefault\u00bb]\n<h2>Empresas del grupo<\/h2>\n[\/nectar_highlighted_text][carousel script=\u00bbcarouFredSel\u00bb easing=\u00bblinear\u00bb autorotate=\u00bbtrue\u00bb][item simple_slider_bg_image_position=\u00bbdefault\u00bb simple_slider_overlay_strength=\u00bb0.3&#8243; id=\u00bb1485280429528-2f311-50d3&#8243; title=\u00bbItem\u00bb tab_id=\u00bb1485798432237-4&#8243;][team_member image_url=\u00bb6090&#8243; team_memeber_style=\u00bbmeta_below\u00bb link_element=\u00bbnone\u00bb color=\u00bbAccent-Color\u00bb description=\u00bbLas nuevas exigencias medioambientales demandaron la implicaci\u00f3n de nuevas tecnolog\u00edas en la industria en el transporte, agricultura e industria, que se mueven con motorizaciones de ciclo Di\u00e9sel.<br \/>\nEn Green Energy Power, encontrar\u00e1s la mejor soluci\u00f3n ambiental y podr\u00e1s beneficiarte de importantes reducciones en tus costes operativos.\u00bb name=\u00bbGreen Diesel Power\u00bb][\/team_member][\/item][item simple_slider_bg_image_position=\u00bbdefault\u00bb simple_slider_overlay_strength=\u00bb0.3&#8243; id=\u00bb1485280429578-0f311-50d3&#8243; title=\u00bbItem\u00bb tab_id=\u00bb1485798432247-5&#8243;][team_member image_url=\u00bb6091&#8243; team_memeber_style=\u00bbmeta_below\u00bb link_element=\u00bbnone\u00bb color=\u00bbAccent-Color\u00bb name=\u00bbMotor Gas Plus\u00bb description=\u00bbDesde el comienzo trabajando en Europa para dar impulso al uso de energ\u00edas limpias, y asesorando de forma personalizada al cliente en todas sus necesidades.\u00bb][\/team_member][\/item][item simple_slider_bg_image_position=\u00bbdefault\u00bb simple_slider_overlay_strength=\u00bb0.3&#8243; id=\u00bb1485280429578-0f311-50d3&#8243; title=\u00bbItem\u00bb tab_id=\u00bb1485798432271-6&#8243;][team_member image_url=\u00bb6093&#8243; team_memeber_style=\u00bbmeta_below\u00bb link_element=\u00bbnone\u00bb color=\u00bbAccent-Color\u00bb name=\u00bbDigitronic Gas\u00bb description=\u00bbCreada ante la necesidad del creciente mercado americano, para proveerlo de los nuevos avances y tecnolog\u00edas m\u00e1s modernas, y adaptarlos a sus necesidades.<br \/>\nHemos comercializado nuestros productos en Chile, Argentina, Per\u00fa, Colombia, Costa Rica, Rep\u00fablica Dominicana, Nicaragua, M\u00e9xico, Canad\u00e1 y EE. UU., con altos est\u00e1ndares de calidad y precio.\u00bb][\/team_member][\/item][\/carousel][\/vc_column][\/vc_row]\n","protected":false},"excerpt":{"rendered":"<p>[vc_row type=\u00bbfull_width_content\u00bb full_screen_row_position=\u00bbmiddle\u00bb column_margin=\u00bbdefault\u00bb equal_height=\u00bbyes\u00bb content_placement=\u00bbmiddle\u00bb column_direction=\u00bbdefault\u00bb column_direction_tablet=\u00bbdefault\u00bb column_direction_phone=\u00bbdefault\u00bb bg_color=\u00bb#ffffff\u00bb scene_position=\u00bbcenter\u00bb text_color=\u00bbdark\u00bb text_align=\u00bbleft\u00bb row_border_radius=\u00bbnone\u00bb row_border_radius_applies=\u00bbbg\u00bb overlay_strength=\u00bb0.3&#8243; gradient_direction=\u00bbleft_to_right\u00bb shape_divider_position=\u00bbbottom\u00bb bg_image_animation=\u00bbnone\u00bb][vc_column column_padding=\u00bbpadding-10-percent\u00bb column_padding_tablet=\u00bbinherit\u00bb column_padding_phone=\u00bbinherit\u00bb column_padding_position=\u00bball\u00bb column_element_spacing=\u00bbdefault\u00bb background_color=\u00bb#f4f4f4&#8243; background_color_opacity=\u00bb1&#8243; background_hover_color_opacity=\u00bb1&#8243; column_shadow=\u00bbnone\u00bb column_border_radius=\u00bbnone\u00bb column_link_target=\u00bb_self\u00bb&#8230;<\/p>\n","protected":false},"author":1,"featured_media":0,"parent":0,"menu_order":0,"comment_status":"closed","ping_status":"closed","template":"","meta":{"footnotes":""},"class_list":["post-6086","page","type-page","status-publish"],"_links":{"self":[{"href":"https:\/\/grupomotorgas.com\/index.php\/wp-json\/wp\/v2\/pages\/6086"}],"collection":[{"href":"https:\/\/grupomotorgas.com\/index.php\/wp-json\/wp\/v2\/pages"}],"about":[{"href":"https:\/\/grupomotorgas.com\/index.php\/wp-json\/wp\/v2\/types\/page"}],"author":[{"embeddable":true,"href":"https:\/\/grupomotorgas.com\/index.php\/wp-json\/wp\/v2\/users\/1"}],"replies":[{"embeddable":true,"href":"https:\/\/grupomotorgas.com\/index.php\/wp-json\/wp\/v2\/comments?post=6086"}],"version-history":[{"count":7,"href":"https:\/\/grupomotorgas.com\/index.php\/wp-json\/wp\/v2\/pages\/6086\/revisions"}],"predecessor-version":[{"id":6145,"href":"https:\/\/grupomotorgas.com\/index.php\/wp-json\/wp\/v2\/pages\/6086\/revisions\/6145"}],"wp:attachment":[{"href":"https:\/\/grupomotorgas.com\/index.php\/wp-json\/wp\/v2\/media?parent=6086"}],"curies":[{"name":"wp","href":"https:\/\/api.w.org\/{rel}","templated":true}]}}